{"id":77,"date":"2020-10-13T10:18:25","date_gmt":"2020-10-13T08:18:25","guid":{"rendered":"http:\/\/localhost:8888\/kranman\/?page_id=77"},"modified":"2021-01-13T15:53:02","modified_gmt":"2021-01-13T14:53:02","slug":"bison","status":"publish","type":"page","link":"https:\/\/design.iosoft.se\/kranman\/bison\/","title":{"rendered":"Bison Miniskotare"},"content":{"rendered":"<p>Kranman Bison miniskotare \u00e4r l\u00e4ttk\u00f6rda, smidiga och drifts\u00e4kra.<\/p>\n<p>V\u00e5r id\u00e9, f\u00f6r optimala egenskaper f\u00f6r en miniskotare \u00e4r midjestyrning och stegl\u00f6s k\u00f6rpedal samt att kunna sitta i b\u00e5da riktningarna och k\u00f6ra. Den skall kunna slingra sig mellan tr\u00e4den utan att g\u00f6ra avtryck i skogen. Maskinen skall var l\u00e4tt att serva och underh\u00e5lla.<\/p>\n<p>Varf\u00f6r gallrar vi och sk\u00f6ter om v\u00e5r skog? F\u00f6r att vi vill ha h\u00f6gre avkastning genom att fokusera tillv\u00e4xten i skogen till r\u00e4tt stammar. Detta svaret tror vi att de flesta h\u00e5ller med om. D\u00e4remot, vad b\u00e4sta v\u00e4gen dit \u00e4r, finns det m\u00e5nga \u00e5sikter om. Vi anser att ett stickv\u00e4gsfritt best\u00e5nd l\u00f6nar sig i l\u00e4ngden och med stickv\u00e4gsfritt menar vi basv\u00e4gar under tv\u00e5 meter. Detta ger gott om plats p\u00e5 b\u00e5da sidor av v\u00e5ra Bison miniskotare. Anv\u00e4nds Bison miniskotare blir stickv\u00e4garna s\u00e5 n\u00e4ra obefintliga som m\u00f6jligt. Man kan spara precis de tr\u00e4d man sj\u00e4lv tycker, samtidigt som man kan f\u00f6rs\u00e4kra sig om att inte stammar och rotsystem skadas och orsakar r\u00f6ta. Genom att g\u00f6ra s\u00e5h\u00e4r \u00e4r st\u00f6rre delen av skogen kvar till slutavverkningen och den slutliga avkastningen blir betydligt h\u00f6gre.<\/p>\n<p>Vi p\u00e5 Kranman \u00e4r sj\u00e4lva skogs\u00e4gare och det finns inget vi gillar b\u00e4ttre \u00e4n att hoppa in i en Bisonmaskin, ta med lite ved och mats\u00e4ck och tillbringa en fin dag i skogen. Det \u00e4r ocks\u00e5 precis i den milj\u00f6n, skogen, som v\u00e5ra id\u00e9er f\u00f6ds och v\u00e5ra maskiner st\u00e4ndigt utvecklas. F\u00f6r visst \u00e4r maskinerna ritade vid skrivbord, men uppfunna i skogen.<\/p>\n","protected":false},"excerpt":{"rendered":"<p>Kranman Bison miniskotare \u00e4r l\u00e4ttk\u00f6rda, smidiga och drifts\u00e4kra. V\u00e5r id\u00e9, f\u00f6r optimala egenskaper f\u00f6r en miniskotare \u00e4r midjestyrning och stegl\u00f6s k\u00f6rpedal samt att kunna sitta [&hellip;]<\/p>\n","protected":false},"author":1,"featured_media":0,"parent":0,"menu_order":0,"comment_status":"closed","ping_status":"closed","template":"page-bison.php","meta":{"footnotes":"","_expiration-date-status":"","_expiration-date":0,"_expiration-date-type":"","_expiration-date-categories":[],"_expiration-date-options":[]},"acf":[],"_links":{"self":[{"href":"https:\/\/design.iosoft.se\/kranman\/wp-json\/wp\/v2\/pages\/77"}],"collection":[{"href":"https:\/\/design.iosoft.se\/kranman\/wp-json\/wp\/v2\/pages"}],"about":[{"href":"https:\/\/design.iosoft.se\/kranman\/wp-json\/wp\/v2\/types\/page"}],"author":[{"embeddable":true,"href":"https:\/\/design.iosoft.se\/kranman\/wp-json\/wp\/v2\/users\/1"}],"replies":[{"embeddable":true,"href":"https:\/\/design.iosoft.se\/kranman\/wp-json\/wp\/v2\/comments?post=77"}],"version-history":[{"count":7,"href":"https:\/\/design.iosoft.se\/kranman\/wp-json\/wp\/v2\/pages\/77\/revisions"}],"predecessor-version":[{"id":2217,"href":"https:\/\/design.iosoft.se\/kranman\/wp-json\/wp\/v2\/pages\/77\/revisions\/2217"}],"wp:attachment":[{"href":"https:\/\/design.iosoft.se\/kranman\/wp-json\/wp\/v2\/media?parent=77"}],"curies":[{"name":"wp","href":"https:\/\/api.w.org\/{rel}","templated":true}]}}