{"id":85,"date":"2020-10-13T10:19:16","date_gmt":"2020-10-13T08:19:16","guid":{"rendered":"http:\/\/localhost:8888\/kranman\/?page_id=85"},"modified":"2024-02-27T14:49:14","modified_gmt":"2024-02-27T13:49:14","slug":"om-oss","status":"publish","type":"page","link":"https:\/\/design.iosoft.se\/kranman\/om-oss\/","title":{"rendered":"Om oss"},"content":{"rendered":"<h3>Historia<\/h3>\n<p>1981 startade \u00c5ke Johansson Remne Verkstad Allservice. Han har sedan dess h\u00e5llit p\u00e5 med bil- och maskinreparationer samt konstruktioner av diverse maskiner.<\/p>\n<p>&nbsp;<\/p>\n<p>1999 tillverkade \u00c5ke en liten <em>griplastarvagn<\/em> till sina s\u00f6ner som passade deras gr\u00e4sklippartraktor. Pojkarna och deras kompisar tyckte den var rolig att k\u00f6ra. D\u00e5 fick \u00c5ke en id\u00e9! Han testade griplastaren p\u00e5 Bullarmarknaden med en el-hydraulisk motor och en el-timer. Barnen fick k\u00f6ra i tre minuter f\u00f6r 10 kr och den visade sig vara popul\u00e4r. D\u00e4refter tillverkade han sju griplastarlekmaskiner av modellen RV10. D\u00e5 \u00c5ke var ute med maskinerna fick han ofta fr\u00e5gan om han inte kunde g\u00f6ra en st\u00f6rre variant s\u00e5 att de passade till deras ATV. P\u00e5 den v\u00e4gen \u00e4r det. Till Elmia Skog v\u00e5ren 2001 var han klar med den f\u00f6rsta prototypen. Det var den f\u00f6rsta griplastarvagnen i v\u00e4rlden till ATV. I augusti var prototyp nr 2 klar och i samband med det bildades Kranman AB.<\/p>\n<p>Det som \u00e4r grunden till Kranman, \u00e4r att \u00c5ke kom p\u00e5 id\u00e9n att s\u00e4tta en egen br\u00e4nslemotor fram p\u00e5 fyrhjulingen. Detta ger hydraulik till kranen och vikt p\u00e5 framhjulen. Detta \u00e4r anledningen till att det finns griplastarvagnar till ATV idag. Prototyperna var ute hos kunder som testade kranarna i skogen. Under h\u00f6sten samma \u00e5r kom serietillverkningen ig\u00e5ng av griplastarkranen RMT-280. Det visade sig r\u00e4tt snart att kunderna efterfr\u00e5gade en driven vagn. 2003 var den f\u00f6rsta vagnen med Flexodrive 4WD klar. Vagnen visade sig vara helt avg\u00f6rande f\u00f6r Kranmans utveckling och \u00e4r anledningen till att Kranman idag levererar fem griplastarvagnar i veckan. Lokalerna blev snart f\u00f6r sm\u00e5 och nya lokaler har f\u00e5tt byggas i omg\u00e5ngar.<\/p>\n<p>Under 2011 utvecklades Bison 6000 och premi\u00e4rvisades p\u00e5 Elmia Skog samma \u00e5r. F\u00f6rsta Bison levererades i b\u00f6rjan av 2012 och sedan dess har det levererats 6 maskiner i m\u00e5naden. Under 2014 b\u00f6rjade utvecklingen av processor P25. I slutet p\u00e5 2016 b\u00f6rjade tillverkningen och sedan dess har det levererats sex maskiner i m\u00e5naden. F\u00f6retaget har idag 33 anst\u00e4llda med en oms\u00e4ttning p\u00e5 \u00f6ver 60 miljoner kronor.<\/p>\n<p>&nbsp;<\/p>\n<h3>Det finns bara ett original sedan 2001<\/h3>\n<p><img loading=\"lazy\" decoding=\"async\" class=\"alignnone wp-image-2704 size-large\" src=\"https:\/\/design.iosoft.se\/kranman\/wp-content\/uploads\/2021\/01\/DSCF0003-1024x768.jpg\" alt=\"RMT280 med Honda\" width=\"1024\" height=\"768\" srcset=\"https:\/\/design.iosoft.se\/kranman\/wp-content\/uploads\/2021\/01\/DSCF0003-1024x768.jpg 1024w, https:\/\/design.iosoft.se\/kranman\/wp-content\/uploads\/2021\/01\/DSCF0003-300x225.jpg 300w, https:\/\/design.iosoft.se\/kranman\/wp-content\/uploads\/2021\/01\/DSCF0003-768x576.jpg 768w, https:\/\/design.iosoft.se\/kranman\/wp-content\/uploads\/2021\/01\/DSCF0003-1536x1152.jpg 1536w, https:\/\/design.iosoft.se\/kranman\/wp-content\/uploads\/2021\/01\/DSCF0003-2048x1536.jpg 2048w\" sizes=\"(max-width: 1024px) 100vw, 1024px\" \/><\/p>\n<p>V\u00e5r produktionsanl\u00e4ggning i Bullaren.<\/p>\n<p><img loading=\"lazy\" decoding=\"async\" class=\"alignnone wp-image-2700 size-large\" src=\"https:\/\/design.iosoft.se\/kranman\/wp-content\/uploads\/2021\/01\/DJI_0002-Kranman-anlaggning-i-Bullaren-1024x768.jpg\" alt=\"\" width=\"1024\" height=\"768\" \/><\/p>\n<h4>Dina personuppgifter fr\u00e5n den 25 maj<\/h4>\n<p>Ditt f\u00f6rtroende \u00e4r viktigt f\u00f6r oss och vi vill att du ska k\u00e4nna dig trygg med att l\u00e4mna dina personuppgifter till oss. General Data Protection Regulation (GDPR) \u00e4r en ny EU-f\u00f6rordning, som den 25 maj 2018 ers\u00e4tter den svenska Personuppgiftslagen (PUL). Vi vidtar ett flertal \u00e5tg\u00e4rder f\u00f6r att s\u00e4kerst\u00e4lla att dina personuppgifter \u00e4ven i forts\u00e4ttningen \u00e4r skyddade hos oss och vi tycker det \u00e4r viktigt att du tar del av dem.<\/p>\n","protected":false},"excerpt":{"rendered":"<p>Historia 1981 startade \u00c5ke Johansson Remne Verkstad Allservice. Han har sedan dess h\u00e5llit p\u00e5 med bil- och maskinreparationer samt konstruktioner av diverse maskiner. &nbsp; 1999 [&hellip;]<\/p>\n","protected":false},"author":1,"featured_media":73,"parent":0,"menu_order":0,"comment_status":"closed","ping_status":"closed","template":"","meta":{"footnotes":"","_expiration-date-status":"","_expiration-date":0,"_expiration-date-type":"","_expiration-date-categories":[],"_expiration-date-options":[]},"acf":[],"_links":{"self":[{"href":"https:\/\/design.iosoft.se\/kranman\/wp-json\/wp\/v2\/pages\/85"}],"collection":[{"href":"https:\/\/design.iosoft.se\/kranman\/wp-json\/wp\/v2\/pages"}],"about":[{"href":"https:\/\/design.iosoft.se\/kranman\/wp-json\/wp\/v2\/types\/page"}],"author":[{"embeddable":true,"href":"https:\/\/design.iosoft.se\/kranman\/wp-json\/wp\/v2\/users\/1"}],"replies":[{"embeddable":true,"href":"https:\/\/design.iosoft.se\/kranman\/wp-json\/wp\/v2\/comments?post=85"}],"version-history":[{"count":14,"href":"https:\/\/design.iosoft.se\/kranman\/wp-json\/wp\/v2\/pages\/85\/revisions"}],"predecessor-version":[{"id":3129,"href":"https:\/\/design.iosoft.se\/kranman\/wp-json\/wp\/v2\/pages\/85\/revisions\/3129"}],"wp:featuredmedia":[{"embeddable":true,"href":"https:\/\/design.iosoft.se\/kranman\/wp-json\/wp\/v2\/media\/73"}],"wp:attachment":[{"href":"https:\/\/design.iosoft.se\/kranman\/wp-json\/wp\/v2\/media?parent=85"}],"curies":[{"name":"wp","href":"https:\/\/api.w.org\/{rel}","templated":true}]}}