{"id":93,"date":"2020-10-13T10:19:57","date_gmt":"2020-10-13T08:19:57","guid":{"rendered":"http:\/\/localhost:8888\/kranman\/?page_id=93"},"modified":"2021-01-26T10:35:00","modified_gmt":"2021-01-26T09:35:00","slug":"jobb","status":"publish","type":"page","link":"https:\/\/design.iosoft.se\/kranman\/jobb\/","title":{"rendered":"Jobb"},"content":{"rendered":"<p>&nbsp;<\/p>\n<p>Vi s\u00f6ker en mont\u00f6r.<\/p>\n<p><a href=\"https:\/\/design.iosoft.se\/kranman\/wp-content\/uploads\/2021\/01\/Platsannons_version1.pdf\"><strong>Klicka p\u00e5 l\u00e4nken<\/strong><\/a><\/p>\n<p><strong>Skicka din ans\u00f6kan till magnus@kranman.com<\/strong><\/p>\n","protected":false},"excerpt":{"rendered":"<p>&nbsp; Vi s\u00f6ker en mont\u00f6r. Klicka p\u00e5 l\u00e4nken Skicka din ans\u00f6kan till magnus@kranman.com<\/p>\n","protected":false},"author":1,"featured_media":2700,"parent":0,"menu_order":0,"comment_status":"closed","ping_status":"closed","template":"","meta":{"footnotes":"","_expiration-date-status":"","_expiration-date":0,"_expiration-date-type":"","_expiration-date-categories":[],"_expiration-date-options":[]},"acf":[],"_links":{"self":[{"href":"https:\/\/design.iosoft.se\/kranman\/wp-json\/wp\/v2\/pages\/93"}],"collection":[{"href":"https:\/\/design.iosoft.se\/kranman\/wp-json\/wp\/v2\/pages"}],"about":[{"href":"https:\/\/design.iosoft.se\/kranman\/wp-json\/wp\/v2\/types\/page"}],"author":[{"embeddable":true,"href":"https:\/\/design.iosoft.se\/kranman\/wp-json\/wp\/v2\/users\/1"}],"replies":[{"embeddable":true,"href":"https:\/\/design.iosoft.se\/kranman\/wp-json\/wp\/v2\/comments?post=93"}],"version-history":[{"count":11,"href":"https:\/\/design.iosoft.se\/kranman\/wp-json\/wp\/v2\/pages\/93\/revisions"}],"predecessor-version":[{"id":2716,"href":"https:\/\/design.iosoft.se\/kranman\/wp-json\/wp\/v2\/pages\/93\/revisions\/2716"}],"wp:featuredmedia":[{"embeddable":true,"href":"https:\/\/design.iosoft.se\/kranman\/wp-json\/wp\/v2\/media\/2700"}],"wp:attachment":[{"href":"https:\/\/design.iosoft.se\/kranman\/wp-json\/wp\/v2\/media?parent=93"}],"curies":[{"name":"wp","href":"https:\/\/api.w.org\/{rel}","templated":true}]}}